{"id":2060,"date":"2021-05-20T14:02:19","date_gmt":"2021-05-20T12:02:19","guid":{"rendered":"https:\/\/etc.des19n.at\/?page_id=2060"},"modified":"2021-05-20T14:02:19","modified_gmt":"2021-05-20T12:02:19","slug":"privacy-policy","status":"publish","type":"page","link":"https:\/\/europetravelcare.com\/en\/privacy-policy\/","title":{"rendered":"Privacy policy"},"content":{"rendered":"<div class=\"wpb-content-wrapper\"><p>[vc_row][vc_column]<div id=\"cz_70143\" class=\"cz_70143 cz_title clr cz_title_pos_inline\"><div class=\"cz_title_content\"><div class=\"cz_wpe_content\"><h3>Declaration on data protection<\/h3>\n<\/div><\/div><\/div><div class=\"cz_gap clr \" style=\"height: 50px\"><\/div>[vc_column_text]<\/p>\n<p>Ihre Daten sind bei uns in sicheren H\u00e4nden. Wir legen gro\u00dfen Wert auf den Schutz Ihrer Daten und die Wahrung Ihrer Privatsph\u00e4re. Als Nutzer unserer Website informieren wir Sie in dieser Datenschutzerkl\u00e4rung, welche Daten durch den Besuch der Website bekannt und erfasst werden und wie mit Ihnen umgegangen wird. Ihre personenbezogenen Daten verarbeiten wir ausschlie\u00dflich im Rahmen der Bestimmungen der Datenschutzgrundverordnung (DSGVO) sowie des Datenschutzgesetzes.<\/p>\n<h3>1) Erfassung allgemeiner Informationen<\/h3>\n<p>Sie k\u00f6nnen unsere Website grunds\u00e4tzlich besuchen, ohne Angaben zu Ihrer Person zu machen. Aus technischen Gr\u00fcnden allerdings erfassen und speichern wir Daten, die Ihr Internetbrowser \u00fcbermittelt. Diese sogenannten Server-Logfiles enthalten die Art des Webbrowsers, das verwendete Betriebssystem, den Domain-Namen Ihres Internet-Providers, die Referrer-URL (jene Seite, von der Sie auf unsere Seite gewechselt sind), den Zeitpunkt des Besuches und Ihre IPAdresse. Die vom Server gespeicherten Daten k\u00f6nnen nicht einer bestimmten Person zugeordnet werden und dienen ausschlie\u00dflich dazu, einen st\u00f6rungsfreien Betrieb der Website zu gew\u00e4hrleisten und f\u00fcr statistische Zwecke. Dar\u00fcber hinaus verarbeiten wir nur jene personenbezogenen Daten, die Sie uns als Nutzer der Website durch Angaben, etwa im Rahmen einer Anfrage zur Verf\u00fcgung stellen.<\/p>\n<h3>3) Newsletter<\/h3>\n<p>Sie k\u00f6nnen \u00fcber das auf unserer Website zur Verf\u00fcgung stehende Kontaktformular oder per Email Kontakt mit uns aufnehmen. Im Rahmen einer Kontaktaufnahme mit uns werden alle freiwillig von Ihnen \u00fcbermittelten personenbezogenen Daten und Angaben gespeichert und verarbeitet. Dies dient zum Zwecke der Bearbeitung und technischen Administration Ihrer Anfrage, sowie f\u00fcr m\u00f6gliche Anschlussfragen. Zur Bearbeitung der Anfrage und f\u00fcr allf\u00e4llige Folgefragen speichern wir die eingegebenen Daten f\u00fcr sechs Monate. Welche Daten erhoben werden ist aus dem jeweiligen Kontaktformular ersichtlich.<\/p>\n<h3>4) Cookies<\/h3>\n<p>Sie k\u00f6nnen sich auf unserer Seite f\u00fcr den Bezug unseres Newsletters anmelden. F\u00fcr eine wirksame Registrierung ben\u00f6tigen wir eine valide E-Mail-Adresse. Um zu \u00fcberpr\u00fcfen, dass eine Anmeldung tats\u00e4chlich durch den Inhaber einer E-Mail-Adresse erfolgt, setzen wir das \u201edoubleopt-in\u201c-Verfahren ein. Hierzu protokollieren wir die Bestellung des Newsletters, den Versand der Best\u00e4tigungsmail und den Eingang der darin angeforderten Antwort. Diese Daten werden ausschlie\u00dflich f\u00fcr den Newsletterversand verwendet und f\u00fcr den technischen Versand an die SEIMO Mobile Marketing GmbH weitergegeben. Wir haben mit der SEIMO Mobile Marketing GmbH einen Vertrag zur Auftragsverarbeitung abgeschlossen. Dadurch wird sichergestellt, dass sich unser Dienstleister beim Versand des Newsletters in allen Punkten an die strengen Vorgaben der DSGVO h\u00e4lt. Da der Newsletter-Versand von Ihrer Einwilligung abh\u00e4ngt, k\u00f6nnen Sie diese jederzeit und ohne Angabe von Gr\u00fcnden widerrufen. In jedem Newsletter findet sich zudem ein entsprechender Abmelde-Link.<\/p>\n<h3>5) Einbinden von Diensten und Inhalten Dritter<\/h3>\n<p>Cookies sind kleine Dateien, die w\u00e4hrend der Nutzung der Website auf Ihrem Computer gespeichert werden. Sie unterst\u00fctzen die Darstellung unserer Website und machen diese nutzerfreundlicher, effektiver, schneller und sicherer. Wir nutzen Cookies, um unser Angebot f\u00fcr Sie\u00a0 zu analysieren, etwa die H\u00e4ufigkeit von Seitenaufrufen. Cookies werden keinesfalls dazu verwendet, Schad- oder Spionageprogramme auf Ihren Rechner zu bringen. Sie k\u00f6nnen unsere Website auch ohne den Einsatz von Cookies benutzen, wir weisen allerdings darauf hin, dass in diesem Fall eventuell Funktion und Darstellung der Website eingeschr\u00e4nkt sind. Wenn Sie Cookies deaktivieren oder verwalten m\u00f6chten, k\u00f6nnen Sie dies \u00fcber spezielle Einstellungen Ihres Browsers festlegen. Lesen Sie dazu die Anleitung Ihrer Browser-Software oder nutzen Sie dessen Hilfsfunktion.<\/p>\n<h3>6) Nutzung und Weitergabe personenbezogener Daten<\/h3>\n<p>Auf dieser Website werden Inhalte Dritter angeboten, wie zum Beispiel Stadtpl\u00e4ne oder Schriftarten von anderen Webseiten. Dies setzt immer voraus, dass die Anbieter dieser Inhalte (\u201eDrittanbieter\u201c) Ihre IP-Adresse wahrnehmen, denn ohne die IP-Adresse k\u00f6nnen die Inhalte nicht an Ihren Browser versendet werden. Die IP-Adresse ist somit f\u00fcr die Darstellung dieser Inhalte<br \/>\nerforderlich. Wir bem\u00fchen uns, nur solche Inhalte zu verwenden, deren jeweilige Anbieter die IP-Adresse lediglich zur Auslieferung der Inhalte verwenden. Jedoch haben wir keinen Einfluss darauf, falls die Drittanbieter die IP-Adresse z.B. f\u00fcr statistische Zwecke speichern. Weiters k\u00f6nnen sie auch eigene Cookies setzen, soweit uns dies bekannt ist, kl\u00e4ren wir Sie dar\u00fcber auf. Wir werden diese Inhalte m\u00f6glichst datensparsam und datenvermeidend einsetzen sowie im Hinblick auf die<br \/>\nDatensicherheit zuverl\u00e4ssige Dritt-Anbieter w\u00e4hlen. Beachten Sie bitte, dass diese Datenschutzrichtlinie nur f\u00fcr personenbezogene Daten gilt, die wir \u00fcber diese Website erheben, und wir<br \/>\nkeine Verantwortung f\u00fcr personenbezogene Daten \u00fcbernehmen k\u00f6nnen, die von Dritten \u00fcber deren Website erfasst, gespeichert und verwendet werden. F\u00fcr die Inhalte Dritter wird keinerlei Verantwortung oder Haftung \u00fcbernommen.<\/p>\n<p><strong>a) Google Maps<br \/>\n<\/strong>F\u00fcr die Darstellung der Karteninformation auf unserer Kontaktseite verwendet die Website Google Maps. Dabei werden von Google.Inc. (1600 Amphitheatre Parkway, Mountain View, CA 94043, USA; \u201eGoogle\u201c) auch Daten \u00fcber die Nutzung durch Besucher der Website erhoben, verarbeitet und genutzt. N\u00e4her Informationen erhalten Sie in den Datenschutzhinweisen von Google.<br \/>\n(<a href=\"https:\/\/www.google.at\/intl\/de\/policies\/privacy\/\">https:\/\/www.google.at\/intl\/de\/policies\/privacy\/<\/a>) Dort k\u00f6nnen Sie Ihre Einstellungen \u00e4ndern, um Ihre Daten verwalten und sch\u00fctzen zu k\u00f6nnen.<\/p>\n<p><strong>b) Google Web Fonts<br \/>\n<\/strong>Wir verwenden externe Schriftarten von Google.Inc. (1600 Amphitheatre Parkway, Mountain View, CA 94043, USA; \u201eGoogle\u201c). Die Einbindung der Google Web Fonts erfordert einen Serveraufruf bei Google (in der Regel bei einem Server in den USA). Datenschutzerkl\u00e4rung:\u00a0<a href=\"https:\/\/www.google.com\/policies\/privacy\/\">https:\/\/www.google.com\/policies\/privacy\/<\/a>, Opt-Out:\u00a0<a href=\"https:\/\/www.google.com\/settings\/ads\/\">https:\/\/www.google.com\/settings\/ads<\/a><\/p>\n<h3>7) Ihr Recht auf Auskunft, Berichtigung, L\u00f6schung, Einschr\u00e4nkung der Verarbeitung<\/h3>\n<p>Soweit Sie uns als Nutzer unserer Webseite personenbezogene Daten zur Verf\u00fcgung gestellt haben, verwenden wir diese nur zur Beantwortung Ihrer Anfrage und f\u00fcr die technische Administration. Wir werden Ihre Daten nicht l\u00e4nger aufbewahren als es zur Erf\u00fcllung des mit der Speicherung verfolgten Zwecks notwendig oder aufgrund rechtlicher Anforderungen erforderlich ist. Werden Daten nicht von einer gesetzlichen Archivierungspflicht erfasst, l\u00f6schen wir Ihre Daten sobald der Zweck, zu dem sie erhoben wurden, weggefallen ist. Die von Ihnen zur Verf\u00fcgung gestellten Daten werden streng vertraulich behandelt. Ohne Ihre Einwilligung geben wir keine personenbezogenen Daten weiter, es sei denn, dass wir rechtlich dazu verpflichtet sind. Wir weisen jedoch darauf hin, dass es bei der \u00dcbermittlung von Daten im Internet immer dazu kommen kann, dass Dritte Ihre Daten zur Kenntnis nehmen oder verf\u00e4lschen.<\/p>\n<h3>8) \u00c4nderung der Datenschutzbestimmungen<\/h3>\n<p>Sie erhalten jederzeit unentgeltlich Auskunft \u00fcber die von uns gespeicherten, personenbezogenen Daten zu Ihrer Person sowie zur Herkunft und den Zweck von Datenerhebung sowie<br \/>\nDatenverarbeitung. Ebenso haben Sie grunds\u00e4tzlich das Recht auf Berichtigung, Einschr\u00e4nkung, Daten\u00fcbertragbarkeit, Widerruf, Widerspruch und \u2013 abgesehen von gesetzlichen Archivierungspflichten \u2013 L\u00f6schung. Damit eine Einschr\u00e4nkung jederzeit realisiert werden kann, m\u00fcssen die Daten zu Kontrollzwecken in einer Sperrdatei vorgehalten werden. Sie k\u00f6nnen \u00c4nderungen oder den Widerruf einer Einwilligung durch entsprechende Mitteilung an uns mit Wirkung f\u00fcr die Zukunft vornehmen. Richten Sie Ihre Anfrage bitte an <a href=\"mailto:office.gmunden@sivag.at\">office.gmunden@sivag.at<\/a> oder SIVAG Sicherheit in Versicherungsangelegenheiten GesmbH, Linzer Stra\u00dfe 46a, 4810 Gmunden. Wenn Sie glauben, dass die Verarbeitung Ihrer Daten gegen das Datenschutzrecht verst\u00f6\u00dft oder Ihre datenschutzrechtlichen Anspr\u00fcche sonst in einer Weise verletzt worden sind, k\u00f6nnen Sie sich bei der zust\u00e4ndigen Beh\u00f6rde beschweren. In \u00d6sterreich ist dies die Datenschutzbeh\u00f6rde.<\/p>\n<p>Wir behalten uns vor, die Datenschutzerkl\u00e4rung gelegentlich anzupassen, damit sie stets den aktuellen rechtlichen Anforderungen entspricht oder um \u00c4nderungen unserer L\u00f6sungen in der Datenschutzerkl\u00e4rung umzusetzen, zB bei der Einf\u00fchrung neuer Services. F\u00fcr Ihren erneuten Besuch gilt dann die neue Datenschutzerkl\u00e4rung.<\/p>\n<h3>9) Kontakt<\/h3>\n<p>SIVAG Sicherheit in Versicherungsangelegenheiten GesmbH<br \/>\n<a href=\"tel:+43761288222\">+43 (0)7612 88 222<\/a><br \/>\n<a href=\"mailto:office.gmunden@sivag.at\">office.gmunden@sivag.at<\/a><\/p>\n<p>[\/vc_column_text]<div class=\"cz_gap clr \" style=\"height: 50px\"><\/div>[\/vc_column][\/vc_row]<\/p>\n<\/div>","protected":false},"excerpt":{"rendered":"<p>Ihre Daten sind bei uns in sicheren H\u00e4nden. Wir legen gro\u00dfen &#8230; <\/p>\n","protected":false},"author":1,"featured_media":0,"parent":0,"menu_order":0,"comment_status":"closed","ping_status":"closed","template":"","meta":{"footnotes":""},"class_list":["post-2060","page","type-page","status-publish","hentry"],"_links":{"self":[{"href":"https:\/\/europetravelcare.com\/en\/wp-json\/wp\/v2\/pages\/2060","targetHints":{"allow":["GET"]}}],"collection":[{"href":"https:\/\/europetravelcare.com\/en\/wp-json\/wp\/v2\/pages"}],"about":[{"href":"https:\/\/europetravelcare.com\/en\/wp-json\/wp\/v2\/types\/page"}],"author":[{"embeddable":true,"href":"https:\/\/europetravelcare.com\/en\/wp-json\/wp\/v2\/users\/1"}],"replies":[{"embeddable":true,"href":"https:\/\/europetravelcare.com\/en\/wp-json\/wp\/v2\/comments?post=2060"}],"version-history":[{"count":2,"href":"https:\/\/europetravelcare.com\/en\/wp-json\/wp\/v2\/pages\/2060\/revisions"}],"predecessor-version":[{"id":2062,"href":"https:\/\/europetravelcare.com\/en\/wp-json\/wp\/v2\/pages\/2060\/revisions\/2062"}],"wp:attachment":[{"href":"https:\/\/europetravelcare.com\/en\/wp-json\/wp\/v2\/media?parent=2060"}],"curies":[{"name":"wp","href":"https:\/\/api.w.org\/{rel}","templated":true}]}}